{"id":674,"date":"2023-05-17T09:44:33","date_gmt":"2023-05-17T00:44:33","guid":{"rendered":"http:\/\/yfk1123.xsrv.jp\/cs-jobs1\/?page_id=674"},"modified":"2025-04-16T11:13:25","modified_gmt":"2025-04-16T02:13:25","slug":"terms-and-conditions","status":"publish","type":"page","link":"https:\/\/cs-jobs.com\/ja\/terms-and-conditions\/","title":{"rendered":"\u3054\u5229\u7528\u6761\u4ef6"},"content":{"rendered":"\t\t<div data-elementor-type=\"wp-page\" data-elementor-id=\"674\" class=\"elementor elementor-674\" data-elementor-post-type=\"page\">\n\t\t\t\t<div class=\"elementor-element elementor-element-a4dccb9 e-flex e-con-boxed e-con e-parent\" data-id=\"a4dccb9\" data-element_type=\"container\" data-e-type=\"container\" data-settings=\"{&quot;background_background&quot;:&quot;gradient&quot;}\">\n\t\t\t\t\t<div class=\"e-con-inner\">\n\t\t\t\t<div class=\"elementor-element elementor-element-118a5e2 elementor-widget elementor-widget-heading\" data-id=\"118a5e2\" data-element_type=\"widget\" data-e-type=\"widget\" data-widget_type=\"heading.default\">\n\t\t\t\t<div class=\"elementor-widget-container\">\n\t\t\t\t\t<h2 class=\"elementor-heading-title elementor-size-default\">Termos e Condi\u00e7\u00f5es<\/h2>\t\t\t\t<\/div>\n\t\t\t\t<\/div>\n\t\t\t\t\t<\/div>\n\t\t\t\t<\/div>\n\t\t<div class=\"elementor-element elementor-element-904c7ba e-flex e-con-boxed e-con e-parent\" data-id=\"904c7ba\" data-element_type=\"container\" data-e-type=\"container\" data-settings=\"{&quot;background_background&quot;:&quot;classic&quot;}\">\n\t\t\t\t\t<div class=\"e-con-inner\">\n\t\t\t\t<div class=\"elementor-element elementor-element-2ff71dd elementor-widget elementor-widget-woocommerce-breadcrumb\" data-id=\"2ff71dd\" data-element_type=\"widget\" data-e-type=\"widget\" data-widget_type=\"woocommerce-breadcrumb.default\">\n\t\t\t\t<div class=\"elementor-widget-container\">\n\t\t\t\t\t<nav class=\"woocommerce-breadcrumb\" aria-label=\"Breadcrumb\">\u30db\u30fc\u30e0<\/nav>\t\t\t\t<\/div>\n\t\t\t\t<\/div>\n\t\t\t\t\t<\/div>\n\t\t\t\t<\/div>\n\t\t<div class=\"elementor-element elementor-element-72e0339 e-flex e-con-boxed e-con e-parent\" data-id=\"72e0339\" data-element_type=\"container\" data-e-type=\"container\">\n\t\t\t\t\t<div class=\"e-con-inner\">\n\t\t\t\t<div class=\"elementor-element elementor-element-4760f14 elementor-widget elementor-widget-heading\" data-id=\"4760f14\" data-element_type=\"widget\" data-e-type=\"widget\" data-widget_type=\"heading.default\">\n\t\t\t\t<div class=\"elementor-widget-container\">\n\t\t\t\t\t<span class=\"elementor-heading-title elementor-size-default\"><b>Direitos autorais<\/b><br><br>\n\nComo regra geral, os direitos autorais do conte\u00fado (informa\u00e7\u00f5es, documentos, imagens, etc.) deste site pertencem, em princ\u00edpio, \u00e0 Empresa. Exceto para uso dentro do escopo estipulado pela lei de direitos autorais, n\u00e3o \u00e9 permitido o uso secund\u00e1rio, como reprodu\u00e7\u00e3o, reimpress\u00e3o, edi\u00e7\u00e3o ou venda n\u00e3o autorizadas.<br><br>\n\n<b>Solicita\u00e7\u00e3o do cliente<\/b><br><br>\n\nAs informa\u00e7\u00f5es enviadas por meio de nossas p\u00e1ginas da Web (excluindo informa\u00e7\u00f5es que possam identific\u00e1-lo pessoalmente) podem ser usadas para aprimorar nossas atividades comerciais. N\u00e3o envie ideias para servi\u00e7os ou outros servi\u00e7os por meio de nossas p\u00e1ginas da Web. Para evitar problemas, como semelhan\u00e7as entre nossas pr\u00f3prias ideias e suas ideias, observe que os direitos autorais das informa\u00e7\u00f5es transmitidas por meio de nossas p\u00e1ginas da Web pertencem a n\u00f3s.<br><br>\n\n<b>Uso de cookies<\/b><br><br>\n\nNosso site usa cookies para melhorar a conveni\u00eancia do cliente e rastrear o uso. Os cookies s\u00e3o pequenos arquivos de texto que um site envia para o disco r\u00edgido do seu computador para manter o controle. O uso de cookies tornou-se padr\u00e3o no mundo da Internet e \u00e9 empregado por muitos sites para oferecer funcionalidades \u00fateis. Os cookies identificam o computador que voc\u00ea est\u00e1 usando e n\u00e3o voc\u00ea mesmo. Observe que os cookies n\u00e3o identificam voc\u00ea.<br><br>\n\n<b>Isen\u00e7\u00e3o de responsabilidade<\/b><br><br>\n\n\u30fbAs informa\u00e7\u00f5es contidas neste site n\u00e3o s\u00e3o necessariamente endossadas por n\u00f3s.<br>\n\n\u30fbN\u00e3o nos responsabilizamos por quaisquer problemas, perdas ou danos causados ou supostamente causados pelo uso de nosso site ou por quaisquer erros no conte\u00fado de nosso site.<br>\n\n\u30fbAo usar este site, voc\u00ea concorda com a Pol\u00edtica de Privacidade.<\/span>\t\t\t\t<\/div>\n\t\t\t\t<\/div>\n\t\t\t\t\t<\/div>\n\t\t\t\t<\/div>\n\t\t\t\t<\/div>\n\t\t","protected":false},"excerpt":{"rendered":"<p>Termos e Condi\u00e7\u00f5es Direitos autorais Como regra geral, os direitos autorais do conte\u00fado (informa\u00e7\u00f5es, document [&hellip;]<\/p>\n","protected":false},"author":1,"featured_media":0,"parent":0,"menu_order":0,"comment_status":"closed","ping_status":"closed","template":"","meta":{"_acf_changed":false,"footnotes":""},"class_list":["post-674","page","type-page","status-publish","hentry"],"acf":[],"aioseo_notices":[],"aioseo_head":"\n\t\t<!-- All in One SEO Pro 4.9.6.2 - aioseo.com -->\n\t<meta name=\"description\" content=\"Termos e Condi\u00e7\u00f5es \u30db\u30fc\u30e0 \/ \u3054\u5229\u7528\u6761\u4ef6 Direitos a\" \/>\n\t<meta name=\"robots\" content=\"max-image-preview:large\" \/>\n\t<link rel=\"canonical\" href=\"https:\/\/cs-jobs.com\/ja\/terms-and-conditions\/\" \/>\n\t<meta name=\"generator\" content=\"All in One SEO Pro (AIOSEO) 4.9.6.2\" \/>\n\t\t<meta property=\"og:locale\" content=\"ja_JP\" \/>\n\t\t<meta property=\"og:site_name\" content=\"Central Services Recruiting Site - Empregos no Jap\u00e3o\" \/>\n\t\t<meta property=\"og:type\" content=\"article\" \/>\n\t\t<meta property=\"og:title\" content=\"\u3054\u5229\u7528\u6761\u4ef6 - Central Services Recruiting Site\" \/>\n\t\t<meta property=\"og:description\" content=\"Termos e Condi\u00e7\u00f5es \u30db\u30fc\u30e0 \/ \u3054\u5229\u7528\u6761\u4ef6 Direitos a\" \/>\n\t\t<meta property=\"og:url\" content=\"https:\/\/cs-jobs.com\/ja\/terms-and-conditions\/\" \/>\n\t\t<meta property=\"og:image\" content=\"https:\/\/cs-jobs.com\/wp-content\/uploads\/2023\/05\/\u30bb\u30f3\u30c8\u30e9\u30eb\u30b5\u30fc\u30d3\u30b9\u30ed\u30b4\u82f1\u8a9e\u8868\u8a18.png\" \/>\n\t\t<meta property=\"og:image:secure_url\" content=\"https:\/\/cs-jobs.com\/wp-content\/uploads\/2023\/05\/\u30bb\u30f3\u30c8\u30e9\u30eb\u30b5\u30fc\u30d3\u30b9\u30ed\u30b4\u82f1\u8a9e\u8868\u8a18.png\" \/>\n\t\t<meta property=\"article:published_time\" content=\"2023-05-17T00:44:33+00:00\" \/>\n\t\t<meta property=\"article:modified_time\" content=\"2025-04-16T02:13:25+00:00\" \/>\n\t\t<meta property=\"article:publisher\" content=\"https:\/\/www.facebook.com\/centralservices.job\" \/>\n\t\t<meta name=\"twitter:card\" content=\"summary_large_image\" \/>\n\t\t<meta name=\"twitter:title\" content=\"\u3054\u5229\u7528\u6761\u4ef6 - Central Services Recruiting Site\" \/>\n\t\t<meta name=\"twitter:description\" content=\"Termos e Condi\u00e7\u00f5es \u30db\u30fc\u30e0 \/ \u3054\u5229\u7528\u6761\u4ef6 Direitos a\" \/>\n\t\t<meta name=\"twitter:image\" content=\"https:\/\/cs-jobs.com\/wp-content\/uploads\/2023\/05\/\u30bb\u30f3\u30c8\u30e9\u30eb\u30b5\u30fc\u30d3\u30b9\u30ed\u30b4\u82f1\u8a9e\u8868\u8a18.png\" \/>\n\t\t<script type=\"application\/ld+json\" class=\"aioseo-schema\">\n\t\t\t{\"@context\":\"https:\\\/\\\/schema.org\",\"@graph\":[{\"@type\":\"BreadcrumbList\",\"@id\":\"https:\\\/\\\/cs-jobs.com\\\/ja\\\/terms-and-conditions\\\/#breadcrumblist\",\"itemListElement\":[{\"@type\":\"ListItem\",\"@id\":\"https:\\\/\\\/cs-jobs.com\\\/ja\\\/#listItem\",\"position\":1,\"name\":\"Home\",\"item\":\"https:\\\/\\\/cs-jobs.com\\\/ja\\\/\",\"nextItem\":{\"@type\":\"ListItem\",\"@id\":\"https:\\\/\\\/cs-jobs.com\\\/ja\\\/terms-and-conditions\\\/#listItem\",\"name\":\"\\u3054\\u5229\\u7528\\u6761\\u4ef6\"}},{\"@type\":\"ListItem\",\"@id\":\"https:\\\/\\\/cs-jobs.com\\\/ja\\\/terms-and-conditions\\\/#listItem\",\"position\":2,\"name\":\"\\u3054\\u5229\\u7528\\u6761\\u4ef6\",\"previousItem\":{\"@type\":\"ListItem\",\"@id\":\"https:\\\/\\\/cs-jobs.com\\\/ja\\\/#listItem\",\"name\":\"Home\"}}]},{\"@type\":\"Organization\",\"@id\":\"https:\\\/\\\/cs-jobs.com\\\/ja\\\/#organization\",\"name\":\"Central Services Recruiting Site\",\"description\":\"Empregos no Jap\\u00e3o\",\"url\":\"https:\\\/\\\/cs-jobs.com\\\/ja\\\/\",\"email\":\"cs-entry@central-s.co.jp\",\"telephone\":\"+81272108033\",\"logo\":{\"@type\":\"ImageObject\",\"url\":\"https:\\\/\\\/cs-jobs.com\\\/wp-content\\\/uploads\\\/2023\\\/05\\\/android-chrome-512x512-1.png\",\"@id\":\"https:\\\/\\\/cs-jobs.com\\\/ja\\\/terms-and-conditions\\\/#organizationLogo\",\"width\":512,\"height\":512},\"image\":{\"@id\":\"https:\\\/\\\/cs-jobs.com\\\/ja\\\/terms-and-conditions\\\/#organizationLogo\"},\"sameAs\":[\"https:\\\/\\\/www.facebook.com\\\/centralservices.job\"],\"address\":{\"@id\":\"https:\\\/\\\/cs-jobs.com\\\/ja\\\/#postaladdress\",\"@type\":\"PostalAddress\",\"streetAddress\":\"\\u53e4\\u5e02\\u753a210-3,\",\"postalCode\":\"371-0844\",\"addressLocality\":\"\\u524d\\u6a4b\\u5e02\",\"addressRegion\":\"\\u7fa4\\u99ac\\u770c\",\"addressCountry\":\"JP\"}},{\"@type\":\"WebPage\",\"@id\":\"https:\\\/\\\/cs-jobs.com\\\/ja\\\/terms-and-conditions\\\/#webpage\",\"url\":\"https:\\\/\\\/cs-jobs.com\\\/ja\\\/terms-and-conditions\\\/\",\"name\":\"\\u3054\\u5229\\u7528\\u6761\\u4ef6 - Central Services Recruiting Site\",\"description\":\"Termos e Condi\\u00e7\\u00f5es \\u30db\\u30fc\\u30e0 \\\/ \\u3054\\u5229\\u7528\\u6761\\u4ef6 Direitos a\",\"inLanguage\":\"ja\",\"isPartOf\":{\"@id\":\"https:\\\/\\\/cs-jobs.com\\\/ja\\\/#website\"},\"breadcrumb\":{\"@id\":\"https:\\\/\\\/cs-jobs.com\\\/ja\\\/terms-and-conditions\\\/#breadcrumblist\"},\"datePublished\":\"2023-05-17T09:44:33+09:00\",\"dateModified\":\"2025-04-16T11:13:25+09:00\"},{\"@type\":\"WebSite\",\"@id\":\"https:\\\/\\\/cs-jobs.com\\\/ja\\\/#website\",\"url\":\"https:\\\/\\\/cs-jobs.com\\\/ja\\\/\",\"name\":\"Central Services Recruiting Site\",\"description\":\"Empregos no Jap\\u00e3o\",\"inLanguage\":\"ja\",\"publisher\":{\"@id\":\"https:\\\/\\\/cs-jobs.com\\\/ja\\\/#organization\"}}]}\n\t\t<\/script>\n\t\t<!-- All in One SEO Pro -->\r\n\t\t<title>\u3054\u5229\u7528\u6761\u4ef6 - Central Services Recruiting Site<\/title>\n\n","aioseo_head_json":{"title":"\u3054\u5229\u7528\u6761\u4ef6 - Central Services Recruiting Site","description":"Termos e Condi\u00e7\u00f5es \u30db\u30fc\u30e0 \/ \u3054\u5229\u7528\u6761\u4ef6 Direitos a","canonical_url":"https:\/\/cs-jobs.com\/ja\/terms-and-conditions\/","robots":"max-image-preview:large","keywords":"","webmasterTools":{"miscellaneous":""},"schema":{"@context":"https:\/\/schema.org","@graph":[{"@type":"BreadcrumbList","@id":"https:\/\/cs-jobs.com\/ja\/terms-and-conditions\/#breadcrumblist","itemListElement":[{"@type":"ListItem","@id":"https:\/\/cs-jobs.com\/ja\/#listItem","position":1,"name":"Home","item":"https:\/\/cs-jobs.com\/ja\/","nextItem":{"@type":"ListItem","@id":"https:\/\/cs-jobs.com\/ja\/terms-and-conditions\/#listItem","name":"\u3054\u5229\u7528\u6761\u4ef6"}},{"@type":"ListItem","@id":"https:\/\/cs-jobs.com\/ja\/terms-and-conditions\/#listItem","position":2,"name":"\u3054\u5229\u7528\u6761\u4ef6","previousItem":{"@type":"ListItem","@id":"https:\/\/cs-jobs.com\/ja\/#listItem","name":"Home"}}]},{"@type":"Organization","@id":"https:\/\/cs-jobs.com\/ja\/#organization","name":"Central Services Recruiting Site","description":"Empregos no Jap\u00e3o","url":"https:\/\/cs-jobs.com\/ja\/","email":"cs-entry@central-s.co.jp","telephone":"+81272108033","logo":{"@type":"ImageObject","url":"https:\/\/cs-jobs.com\/wp-content\/uploads\/2023\/05\/android-chrome-512x512-1.png","@id":"https:\/\/cs-jobs.com\/ja\/terms-and-conditions\/#organizationLogo","width":512,"height":512},"image":{"@id":"https:\/\/cs-jobs.com\/ja\/terms-and-conditions\/#organizationLogo"},"sameAs":["https:\/\/www.facebook.com\/centralservices.job"],"address":{"@id":"https:\/\/cs-jobs.com\/ja\/#postaladdress","@type":"PostalAddress","streetAddress":"\u53e4\u5e02\u753a210-3,","postalCode":"371-0844","addressLocality":"\u524d\u6a4b\u5e02","addressRegion":"\u7fa4\u99ac\u770c","addressCountry":"JP"}},{"@type":"WebPage","@id":"https:\/\/cs-jobs.com\/ja\/terms-and-conditions\/#webpage","url":"https:\/\/cs-jobs.com\/ja\/terms-and-conditions\/","name":"\u3054\u5229\u7528\u6761\u4ef6 - Central Services Recruiting Site","description":"Termos e Condi\u00e7\u00f5es \u30db\u30fc\u30e0 \/ \u3054\u5229\u7528\u6761\u4ef6 Direitos a","inLanguage":"ja","isPartOf":{"@id":"https:\/\/cs-jobs.com\/ja\/#website"},"breadcrumb":{"@id":"https:\/\/cs-jobs.com\/ja\/terms-and-conditions\/#breadcrumblist"},"datePublished":"2023-05-17T09:44:33+09:00","dateModified":"2025-04-16T11:13:25+09:00"},{"@type":"WebSite","@id":"https:\/\/cs-jobs.com\/ja\/#website","url":"https:\/\/cs-jobs.com\/ja\/","name":"Central Services Recruiting Site","description":"Empregos no Jap\u00e3o","inLanguage":"ja","publisher":{"@id":"https:\/\/cs-jobs.com\/ja\/#organization"}}]},"og:locale":"ja_JP","og:site_name":"Central Services Recruiting Site - Empregos no Jap\u00e3o","og:type":"article","og:title":"\u3054\u5229\u7528\u6761\u4ef6 - Central Services Recruiting Site","og:description":"Termos e Condi\u00e7\u00f5es \u30db\u30fc\u30e0 \/ \u3054\u5229\u7528\u6761\u4ef6 Direitos a","og:url":"https:\/\/cs-jobs.com\/ja\/terms-and-conditions\/","og:image":"https:\/\/cs-jobs.com\/wp-content\/uploads\/2023\/05\/\u30bb\u30f3\u30c8\u30e9\u30eb\u30b5\u30fc\u30d3\u30b9\u30ed\u30b4\u82f1\u8a9e\u8868\u8a18.png","og:image:secure_url":"https:\/\/cs-jobs.com\/wp-content\/uploads\/2023\/05\/\u30bb\u30f3\u30c8\u30e9\u30eb\u30b5\u30fc\u30d3\u30b9\u30ed\u30b4\u82f1\u8a9e\u8868\u8a18.png","article:published_time":"2023-05-17T00:44:33+00:00","article:modified_time":"2025-04-16T02:13:25+00:00","article:publisher":"https:\/\/www.facebook.com\/centralservices.job","twitter:card":"summary_large_image","twitter:title":"\u3054\u5229\u7528\u6761\u4ef6 - Central Services Recruiting Site","twitter:description":"Termos e Condi\u00e7\u00f5es \u30db\u30fc\u30e0 \/ \u3054\u5229\u7528\u6761\u4ef6 Direitos a","twitter:image":"https:\/\/cs-jobs.com\/wp-content\/uploads\/2023\/05\/\u30bb\u30f3\u30c8\u30e9\u30eb\u30b5\u30fc\u30d3\u30b9\u30ed\u30b4\u82f1\u8a9e\u8868\u8a18.png"},"aioseo_meta_data":{"post_id":"674","title":null,"description":null,"keywords":null,"keyphrases":null,"primary_term":null,"canonical_url":null,"og_title":null,"og_description":null,"og_object_type":"default","og_image_type":"default","og_image_url":null,"og_image_width":null,"og_image_height":null,"og_image_custom_url":null,"og_image_custom_fields":null,"og_video":null,"og_custom_url":null,"og_article_section":null,"og_article_tags":null,"twitter_use_og":false,"twitter_card":"default","twitter_image_type":"default","twitter_image_url":null,"twitter_image_custom_url":null,"twitter_image_custom_fields":null,"twitter_title":null,"twitter_description":null,"schema":{"blockGraphs":[],"customGraphs":[],"default":{"data":{"Article":[],"Course":[],"Dataset":[],"FAQPage":[],"Movie":[],"Person":[],"Product":[],"ProductReview":[],"Car":[],"Recipe":[],"Service":[],"SoftwareApplication":[],"WebPage":[]},"graphName":"","isEnabled":true},"graphs":[]},"schema_type":"default","schema_type_options":null,"pillar_content":false,"robots_default":true,"robots_noindex":false,"robots_noarchive":false,"robots_nosnippet":false,"robots_nofollow":false,"robots_noimageindex":false,"robots_noodp":false,"robots_notranslate":false,"robots_max_snippet":null,"robots_max_videopreview":null,"robots_max_imagepreview":"large","priority":null,"frequency":null,"local_seo":null,"seo_analyzer_scan_date":"2025-09-12 07:51:34","breadcrumb_settings":null,"limit_modified_date":false,"reviewed_by":null,"open_ai":null,"ai":null,"created":"2025-05-02 05:13:32","updated":"2025-09-12 07:51:34"},"aioseo_breadcrumb":"<div class=\"aioseo-breadcrumbs\"><span class=\"aioseo-breadcrumb\">\n\t<a href=\"https:\/\/cs-jobs.com\/ja\/\" title=\"Home\">Home<\/a>\n<\/span><span class=\"aioseo-breadcrumb-separator\">&raquo;<\/span><span class=\"aioseo-breadcrumb\">\n\t\u3054\u5229\u7528\u6761\u4ef6\n<\/span><\/div>","aioseo_breadcrumb_json":[{"label":"Home","link":"https:\/\/cs-jobs.com\/ja\/"},{"label":"\u3054\u5229\u7528\u6761\u4ef6","link":"https:\/\/cs-jobs.com\/ja\/terms-and-conditions\/"}],"_links":{"self":[{"href":"https:\/\/cs-jobs.com\/ja\/wp-json\/wp\/v2\/pages\/674","targetHints":{"allow":["GET"]}}],"collection":[{"href":"https:\/\/cs-jobs.com\/ja\/wp-json\/wp\/v2\/pages"}],"about":[{"href":"https:\/\/cs-jobs.com\/ja\/wp-json\/wp\/v2\/types\/page"}],"author":[{"embeddable":true,"href":"https:\/\/cs-jobs.com\/ja\/wp-json\/wp\/v2\/users\/1"}],"replies":[{"embeddable":true,"href":"https:\/\/cs-jobs.com\/ja\/wp-json\/wp\/v2\/comments?post=674"}],"version-history":[{"count":0,"href":"https:\/\/cs-jobs.com\/ja\/wp-json\/wp\/v2\/pages\/674\/revisions"}],"wp:attachment":[{"href":"https:\/\/cs-jobs.com\/ja\/wp-json\/wp\/v2\/media?parent=674"}],"curies":[{"name":"wp","href":"https:\/\/api.w.org\/{rel}","templated":true}]}}