{"id":685,"date":"2023-05-17T09:42:42","date_gmt":"2023-05-17T00:42:42","guid":{"rendered":"http:\/\/yfk1123.xsrv.jp\/cs-jobs1\/privacy-policy\/"},"modified":"2025-04-16T11:13:27","modified_gmt":"2025-04-16T02:13:27","slug":"privacy-policy","status":"publish","type":"page","link":"https:\/\/cs-jobs.com\/en\/privacy-policy\/","title":{"rendered":"Privacy policy"},"content":{"rendered":"\t\t<div data-elementor-type=\"wp-page\" data-elementor-id=\"685\" class=\"elementor elementor-685 elementor-687\" data-elementor-post-type=\"page\">\n\t\t\t\t<div class=\"elementor-element elementor-element-ea283b8 e-flex e-con-boxed e-con e-parent\" data-id=\"ea283b8\" data-element_type=\"container\" data-e-type=\"container\" data-settings=\"{&quot;background_background&quot;:&quot;gradient&quot;}\">\n\t\t\t\t\t<div class=\"e-con-inner\">\n\t\t\t\t<div class=\"elementor-element elementor-element-d3f2f81 elementor-widget elementor-widget-heading\" data-id=\"d3f2f81\" data-element_type=\"widget\" data-e-type=\"widget\" data-widget_type=\"heading.default\">\n\t\t\t\t<div class=\"elementor-widget-container\">\n\t\t\t\t\t<h2 class=\"elementor-heading-title elementor-size-default\">Pol\u00edtica de Privacidade<\/h2>\t\t\t\t<\/div>\n\t\t\t\t<\/div>\n\t\t\t\t\t<\/div>\n\t\t\t\t<\/div>\n\t\t<div class=\"elementor-element elementor-element-5c52317 e-flex e-con-boxed e-con e-parent\" data-id=\"5c52317\" data-element_type=\"container\" data-e-type=\"container\" data-settings=\"{&quot;background_background&quot;:&quot;classic&quot;}\">\n\t\t\t\t\t<div class=\"e-con-inner\">\n\t\t\t\t<div class=\"elementor-element elementor-element-b5c15db elementor-widget elementor-widget-woocommerce-breadcrumb\" data-id=\"b5c15db\" data-element_type=\"widget\" data-e-type=\"widget\" data-widget_type=\"woocommerce-breadcrumb.default\">\n\t\t\t\t<div class=\"elementor-widget-container\">\n\t\t\t\t\t<nav class=\"woocommerce-breadcrumb\" aria-label=\"Breadcrumb\">Home<\/nav>\t\t\t\t<\/div>\n\t\t\t\t<\/div>\n\t\t\t\t\t<\/div>\n\t\t\t\t<\/div>\n\t\t<div class=\"elementor-element elementor-element-02965bd e-flex e-con-boxed e-con e-parent\" data-id=\"02965bd\" data-element_type=\"container\" data-e-type=\"container\">\n\t\t\t\t\t<div class=\"e-con-inner\">\n\t\t\t\t<div class=\"elementor-element elementor-element-4b3121d elementor-widget elementor-widget-heading\" data-id=\"4b3121d\" data-element_type=\"widget\" data-e-type=\"widget\" data-widget_type=\"heading.default\">\n\t\t\t\t<div class=\"elementor-widget-container\">\n\t\t\t\t\t<span class=\"elementor-heading-title elementor-size-default\">A Empresa tem plena consci\u00eancia de sua miss\u00e3o social no que diz respeito \u00e0 prote\u00e7\u00e3o de todas as informa\u00e7\u00f5es pessoais tratadas pela Empresa em suas atividades de contrata\u00e7\u00e3o tempor\u00e1ria, terceiriza\u00e7\u00e3o, coloca\u00e7\u00e3o de empregos, gerenciamento interno de sites de recrutamento, opera\u00e7\u00f5es terceirizadas no setor p\u00fablico e creches dirigidas pela Empresa, e cumpre todas as leis e regulamenta\u00e7\u00f5es relacionadas \u00e0 prote\u00e7\u00e3o dos direitos dos indiv\u00edduos e das informa\u00e7\u00f5es pessoais. Al\u00e9m disso, estabelecemos um sistema de gerenciamento de prote\u00e7\u00e3o de informa\u00e7\u00f5es pessoais para realizar a pol\u00edtica a seguir e, por meio deste, declaramos que faremos esfor\u00e7os em toda a empresa para melhorar continuamente o sistema, estando sempre atentos \u00e0s \u00faltimas tend\u00eancias em tecnologia de TI, \u00e0s mudan\u00e7as nas demandas sociais e \u00e0s mudan\u00e7as no ambiente de neg\u00f3cios.<br><br>\n\n \n\n1. As informa\u00e7\u00f5es pessoais s\u00e3o obtidas, usadas e fornecidas somente na medida necess\u00e1ria para a condu\u00e7\u00e3o leg\u00edtima dos neg\u00f3cios da Empresa e para o emprego e a gest\u00e3o de pessoal dos funcion\u00e1rios nos neg\u00f3cios de contrata\u00e7\u00e3o de pessoal tempor\u00e1rio, contrata\u00e7\u00e3o de neg\u00f3cios, coloca\u00e7\u00e3o de empregos, opera\u00e7\u00e3o do site de recrutamento pr\u00f3prio da Empresa, neg\u00f3cios governamentais contratados e creches dirigidas pela Empresa, e n\u00e3o s\u00e3o usadas para outros fins que n\u00e3o os especificados. As informa\u00e7\u00f5es pessoais n\u00e3o devem ser tratadas al\u00e9m do escopo necess\u00e1rio para atingir a finalidade de uso especificada. Tamb\u00e9m tomamos medidas para garantir que as informa\u00e7\u00f5es pessoais sejam tratadas adequadamente.<br>\n\n2. Cumpriremos as leis, as diretrizes nacionais e outras normas relacionadas \u00e0 prote\u00e7\u00e3o de dados pessoais.<br>\n\n3. Para evitar riscos como vazamento, perda ou dano de informa\u00e7\u00f5es pessoais, a empresa aprimorar\u00e1 continuamente seu sistema de seguran\u00e7a de informa\u00e7\u00f5es pessoais, injetando recursos de gerenciamento que correspondam \u00e0 situa\u00e7\u00e3o real dos neg\u00f3cios para evitar tais riscos por meio de medidas de seguran\u00e7a razo\u00e1veis. No caso de uma emerg\u00eancia, medidas corretivas ser\u00e3o tomadas imediatamente.<br>\n\n4. As reclama\u00e7\u00f5es e consultas relativas ao manuseio de dados pessoais ser\u00e3o tratadas de forma imediata, honesta e adequada.<br>\n\n5. O sistema de gerenciamento de prote\u00e7\u00e3o de dados pessoais ser\u00e1 revisado de maneira oportuna e apropriada \u00e0 luz das mudan\u00e7as no ambiente em que a empresa opera, e seu aprimoramento ser\u00e1 continuamente promovido.<br><br>\n \n\nEsta pol\u00edtica deve ser distribu\u00edda a todos os funcion\u00e1rios e divulgada a eles, e devem ser tomadas medidas para torn\u00e1-la dispon\u00edvel a qualquer pessoa a qualquer momento, publicando-a no site da empresa ou por outros meios.<\/span>\t\t\t\t<\/div>\n\t\t\t\t<\/div>\n\t\t\t\t<div class=\"elementor-element elementor-element-3ac6b0e elementor-widget elementor-widget-heading\" data-id=\"3ac6b0e\" data-element_type=\"widget\" data-e-type=\"widget\" data-widget_type=\"heading.default\">\n\t\t\t\t<div class=\"elementor-widget-container\">\n\t\t\t\t\t<span class=\"elementor-heading-title elementor-size-default\">Sem mais<br>\nPromulgada (1\u00aa ed.) em 3 de abril de 2004.<br>\nRevisado (9\u00aa ed.) 28 de outubro de 2019<br>\nCentral Services Co. Ltd<br>\n<b>Presidente e Diretor Representante Hiroshi Omoto<\/b><\/span>\t\t\t\t<\/div>\n\t\t\t\t<\/div>\n\t\t\t\t\t<\/div>\n\t\t\t\t<\/div>\n\t\t\t\t<\/div>\n\t\t","protected":false},"excerpt":{"rendered":"<p>Pol\u00edtica de Privacidade A Empresa tem plena consci\u00eancia de sua miss\u00e3o social no que diz respeito \u00e0 prote\u00e7\u00e3o de todas as informa\u00e7\u00f5es pessoais tratadas pela Empresa em suas atividades de contrata\u00e7\u00e3o tempor\u00e1ria, terceiriza\u00e7\u00e3o, coloca\u00e7\u00e3o de empregos, gerenciamento interno de sites de recrutamento, opera\u00e7\u00f5es terceirizadas no setor p\u00fablico e creches dirigidas pela Empresa, e cumpre todas [&hellip;]<\/p>\n","protected":false},"author":1,"featured_media":0,"parent":0,"menu_order":0,"comment_status":"closed","ping_status":"closed","template":"","meta":{"_acf_changed":false,"footnotes":""},"class_list":["post-685","page","type-page","status-publish","hentry"],"acf":[],"aioseo_notices":[],"aioseo_head":"\n\t\t<!-- All in One SEO Pro 4.9.5.2 - aioseo.com -->\n\t<meta name=\"description\" content=\"Pol\u00edtica de Privacidade Home \/ Privacy policy A Empresa tem plena consci\u00eancia de sua miss\u00e3o social no que diz respeito \u00e0 prote\u00e7\u00e3o de todas as informa\u00e7\u00f5es pessoais tratadas pela Empresa em suas atividades de contrata\u00e7\u00e3o tempor\u00e1ria, terceiriza\u00e7\u00e3o, coloca\u00e7\u00e3o de empregos, gerenciamento interno de sites de recrutamento, opera\u00e7\u00f5es terceirizadas no setor p\u00fablico e creches dirigidas pela Empresa, e\" \/>\n\t<meta name=\"robots\" content=\"max-image-preview:large\" \/>\n\t<link rel=\"canonical\" href=\"https:\/\/cs-jobs.com\/en\/privacy-policy\/\" \/>\n\t<meta name=\"generator\" content=\"All in One SEO Pro (AIOSEO) 4.9.5.2\" \/>\n\t\t<meta property=\"og:locale\" content=\"en_US\" \/>\n\t\t<meta property=\"og:site_name\" content=\"Central Services Recruiting Site - Empregos no Jap\u00e3o\" \/>\n\t\t<meta property=\"og:type\" content=\"article\" \/>\n\t\t<meta property=\"og:title\" content=\"Privacy policy - Central Services Recruiting Site\" \/>\n\t\t<meta property=\"og:description\" content=\"Pol\u00edtica de Privacidade Home \/ Privacy policy A Empresa tem plena consci\u00eancia de sua miss\u00e3o social no que diz respeito \u00e0 prote\u00e7\u00e3o de todas as informa\u00e7\u00f5es pessoais tratadas pela Empresa em suas atividades de contrata\u00e7\u00e3o tempor\u00e1ria, terceiriza\u00e7\u00e3o, coloca\u00e7\u00e3o de empregos, gerenciamento interno de sites de recrutamento, opera\u00e7\u00f5es terceirizadas no setor p\u00fablico e creches dirigidas pela Empresa, e\" \/>\n\t\t<meta property=\"og:url\" content=\"https:\/\/cs-jobs.com\/en\/privacy-policy\/\" \/>\n\t\t<meta property=\"og:image\" content=\"https:\/\/cs-jobs.com\/wp-content\/uploads\/2023\/05\/\u30bb\u30f3\u30c8\u30e9\u30eb\u30b5\u30fc\u30d3\u30b9\u30ed\u30b4\u82f1\u8a9e\u8868\u8a18.png\" \/>\n\t\t<meta property=\"og:image:secure_url\" content=\"https:\/\/cs-jobs.com\/wp-content\/uploads\/2023\/05\/\u30bb\u30f3\u30c8\u30e9\u30eb\u30b5\u30fc\u30d3\u30b9\u30ed\u30b4\u82f1\u8a9e\u8868\u8a18.png\" \/>\n\t\t<meta property=\"article:published_time\" content=\"2023-05-17T00:42:42+00:00\" \/>\n\t\t<meta property=\"article:modified_time\" content=\"2025-04-16T02:13:27+00:00\" \/>\n\t\t<meta property=\"article:publisher\" content=\"https:\/\/www.facebook.com\/centralservices.job\" \/>\n\t\t<meta name=\"twitter:card\" content=\"summary_large_image\" \/>\n\t\t<meta name=\"twitter:title\" content=\"Privacy policy - Central Services Recruiting Site\" \/>\n\t\t<meta name=\"twitter:description\" content=\"Pol\u00edtica de Privacidade Home \/ Privacy policy A Empresa tem plena consci\u00eancia de sua miss\u00e3o social no que diz respeito \u00e0 prote\u00e7\u00e3o de todas as informa\u00e7\u00f5es pessoais tratadas pela Empresa em suas atividades de contrata\u00e7\u00e3o tempor\u00e1ria, terceiriza\u00e7\u00e3o, coloca\u00e7\u00e3o de empregos, gerenciamento interno de sites de recrutamento, opera\u00e7\u00f5es terceirizadas no setor p\u00fablico e creches dirigidas pela Empresa, e\" \/>\n\t\t<meta name=\"twitter:image\" content=\"https:\/\/cs-jobs.com\/wp-content\/uploads\/2023\/05\/\u30bb\u30f3\u30c8\u30e9\u30eb\u30b5\u30fc\u30d3\u30b9\u30ed\u30b4\u82f1\u8a9e\u8868\u8a18.png\" \/>\n\t\t<script type=\"application\/ld+json\" class=\"aioseo-schema\">\n\t\t\t{\"@context\":\"https:\\\/\\\/schema.org\",\"@graph\":[{\"@type\":\"BreadcrumbList\",\"@id\":\"https:\\\/\\\/cs-jobs.com\\\/en\\\/privacy-policy\\\/#breadcrumblist\",\"itemListElement\":[{\"@type\":\"ListItem\",\"@id\":\"https:\\\/\\\/cs-jobs.com\\\/en\\\/#listItem\",\"position\":1,\"name\":\"Home\",\"item\":\"https:\\\/\\\/cs-jobs.com\\\/en\\\/\",\"nextItem\":{\"@type\":\"ListItem\",\"@id\":\"https:\\\/\\\/cs-jobs.com\\\/en\\\/privacy-policy\\\/#listItem\",\"name\":\"Privacy policy\"}},{\"@type\":\"ListItem\",\"@id\":\"https:\\\/\\\/cs-jobs.com\\\/en\\\/privacy-policy\\\/#listItem\",\"position\":2,\"name\":\"Privacy policy\",\"previousItem\":{\"@type\":\"ListItem\",\"@id\":\"https:\\\/\\\/cs-jobs.com\\\/en\\\/#listItem\",\"name\":\"Home\"}}]},{\"@type\":\"Organization\",\"@id\":\"https:\\\/\\\/cs-jobs.com\\\/en\\\/#organization\",\"name\":\"Central Services Recruiting Site\",\"description\":\"Empregos no Jap\\u00e3o\",\"url\":\"https:\\\/\\\/cs-jobs.com\\\/en\\\/\",\"email\":\"cs-entry@central-s.co.jp\",\"telephone\":\"+81272108033\",\"logo\":{\"@type\":\"ImageObject\",\"url\":\"https:\\\/\\\/cs-jobs.com\\\/wp-content\\\/uploads\\\/2023\\\/05\\\/android-chrome-512x512-1.png\",\"@id\":\"https:\\\/\\\/cs-jobs.com\\\/en\\\/privacy-policy\\\/#organizationLogo\",\"width\":512,\"height\":512},\"image\":{\"@id\":\"https:\\\/\\\/cs-jobs.com\\\/en\\\/privacy-policy\\\/#organizationLogo\"},\"sameAs\":[\"https:\\\/\\\/www.facebook.com\\\/centralservices.job\"],\"address\":{\"@id\":\"https:\\\/\\\/cs-jobs.com\\\/en\\\/#postaladdress\",\"@type\":\"PostalAddress\",\"streetAddress\":\"\\u53e4\\u5e02\\u753a210-3,\",\"postalCode\":\"371-0844\",\"addressLocality\":\"\\u524d\\u6a4b\\u5e02\",\"addressRegion\":\"\\u7fa4\\u99ac\\u770c\",\"addressCountry\":\"JP\"}},{\"@type\":\"WebPage\",\"@id\":\"https:\\\/\\\/cs-jobs.com\\\/en\\\/privacy-policy\\\/#webpage\",\"url\":\"https:\\\/\\\/cs-jobs.com\\\/en\\\/privacy-policy\\\/\",\"name\":\"Privacy policy - Central Services Recruiting Site\",\"description\":\"Pol\\u00edtica de Privacidade Home \\\/ Privacy policy A Empresa tem plena consci\\u00eancia de sua miss\\u00e3o social no que diz respeito \\u00e0 prote\\u00e7\\u00e3o de todas as informa\\u00e7\\u00f5es pessoais tratadas pela Empresa em suas atividades de contrata\\u00e7\\u00e3o tempor\\u00e1ria, terceiriza\\u00e7\\u00e3o, coloca\\u00e7\\u00e3o de empregos, gerenciamento interno de sites de recrutamento, opera\\u00e7\\u00f5es terceirizadas no setor p\\u00fablico e creches dirigidas pela Empresa, e\",\"inLanguage\":\"en-US\",\"isPartOf\":{\"@id\":\"https:\\\/\\\/cs-jobs.com\\\/en\\\/#website\"},\"breadcrumb\":{\"@id\":\"https:\\\/\\\/cs-jobs.com\\\/en\\\/privacy-policy\\\/#breadcrumblist\"},\"datePublished\":\"2023-05-17T09:42:42+09:00\",\"dateModified\":\"2025-04-16T11:13:27+09:00\"},{\"@type\":\"WebSite\",\"@id\":\"https:\\\/\\\/cs-jobs.com\\\/en\\\/#website\",\"url\":\"https:\\\/\\\/cs-jobs.com\\\/en\\\/\",\"name\":\"Central Services Recruiting Site\",\"description\":\"Empregos no Jap\\u00e3o\",\"inLanguage\":\"en-US\",\"publisher\":{\"@id\":\"https:\\\/\\\/cs-jobs.com\\\/en\\\/#organization\"}}]}\n\t\t<\/script>\n\t\t<!-- All in One SEO Pro -->\r\n\t\t<title>Privacy policy - Central Services Recruiting Site<\/title>\n\n","aioseo_head_json":{"title":"Privacy policy - Central Services Recruiting Site","description":"Pol\u00edtica de Privacidade Home \/ Privacy policy A Empresa tem plena consci\u00eancia de sua miss\u00e3o social no que diz respeito \u00e0 prote\u00e7\u00e3o de todas as informa\u00e7\u00f5es pessoais tratadas pela Empresa em suas atividades de contrata\u00e7\u00e3o tempor\u00e1ria, terceiriza\u00e7\u00e3o, coloca\u00e7\u00e3o de empregos, gerenciamento interno de sites de recrutamento, opera\u00e7\u00f5es terceirizadas no setor p\u00fablico e creches dirigidas pela Empresa, e","canonical_url":"https:\/\/cs-jobs.com\/en\/privacy-policy\/","robots":"max-image-preview:large","keywords":"","webmasterTools":{"miscellaneous":""},"schema":{"@context":"https:\/\/schema.org","@graph":[{"@type":"BreadcrumbList","@id":"https:\/\/cs-jobs.com\/en\/privacy-policy\/#breadcrumblist","itemListElement":[{"@type":"ListItem","@id":"https:\/\/cs-jobs.com\/en\/#listItem","position":1,"name":"Home","item":"https:\/\/cs-jobs.com\/en\/","nextItem":{"@type":"ListItem","@id":"https:\/\/cs-jobs.com\/en\/privacy-policy\/#listItem","name":"Privacy policy"}},{"@type":"ListItem","@id":"https:\/\/cs-jobs.com\/en\/privacy-policy\/#listItem","position":2,"name":"Privacy policy","previousItem":{"@type":"ListItem","@id":"https:\/\/cs-jobs.com\/en\/#listItem","name":"Home"}}]},{"@type":"Organization","@id":"https:\/\/cs-jobs.com\/en\/#organization","name":"Central Services Recruiting Site","description":"Empregos no Jap\u00e3o","url":"https:\/\/cs-jobs.com\/en\/","email":"cs-entry@central-s.co.jp","telephone":"+81272108033","logo":{"@type":"ImageObject","url":"https:\/\/cs-jobs.com\/wp-content\/uploads\/2023\/05\/android-chrome-512x512-1.png","@id":"https:\/\/cs-jobs.com\/en\/privacy-policy\/#organizationLogo","width":512,"height":512},"image":{"@id":"https:\/\/cs-jobs.com\/en\/privacy-policy\/#organizationLogo"},"sameAs":["https:\/\/www.facebook.com\/centralservices.job"],"address":{"@id":"https:\/\/cs-jobs.com\/en\/#postaladdress","@type":"PostalAddress","streetAddress":"\u53e4\u5e02\u753a210-3,","postalCode":"371-0844","addressLocality":"\u524d\u6a4b\u5e02","addressRegion":"\u7fa4\u99ac\u770c","addressCountry":"JP"}},{"@type":"WebPage","@id":"https:\/\/cs-jobs.com\/en\/privacy-policy\/#webpage","url":"https:\/\/cs-jobs.com\/en\/privacy-policy\/","name":"Privacy policy - Central Services Recruiting Site","description":"Pol\u00edtica de Privacidade Home \/ Privacy policy A Empresa tem plena consci\u00eancia de sua miss\u00e3o social no que diz respeito \u00e0 prote\u00e7\u00e3o de todas as informa\u00e7\u00f5es pessoais tratadas pela Empresa em suas atividades de contrata\u00e7\u00e3o tempor\u00e1ria, terceiriza\u00e7\u00e3o, coloca\u00e7\u00e3o de empregos, gerenciamento interno de sites de recrutamento, opera\u00e7\u00f5es terceirizadas no setor p\u00fablico e creches dirigidas pela Empresa, e","inLanguage":"en-US","isPartOf":{"@id":"https:\/\/cs-jobs.com\/en\/#website"},"breadcrumb":{"@id":"https:\/\/cs-jobs.com\/en\/privacy-policy\/#breadcrumblist"},"datePublished":"2023-05-17T09:42:42+09:00","dateModified":"2025-04-16T11:13:27+09:00"},{"@type":"WebSite","@id":"https:\/\/cs-jobs.com\/en\/#website","url":"https:\/\/cs-jobs.com\/en\/","name":"Central Services Recruiting Site","description":"Empregos no Jap\u00e3o","inLanguage":"en-US","publisher":{"@id":"https:\/\/cs-jobs.com\/en\/#organization"}}]},"og:locale":"en_US","og:site_name":"Central Services Recruiting Site - Empregos no Jap\u00e3o","og:type":"article","og:title":"Privacy policy - Central Services Recruiting Site","og:description":"Pol\u00edtica de Privacidade Home \/ Privacy policy A Empresa tem plena consci\u00eancia de sua miss\u00e3o social no que diz respeito \u00e0 prote\u00e7\u00e3o de todas as informa\u00e7\u00f5es pessoais tratadas pela Empresa em suas atividades de contrata\u00e7\u00e3o tempor\u00e1ria, terceiriza\u00e7\u00e3o, coloca\u00e7\u00e3o de empregos, gerenciamento interno de sites de recrutamento, opera\u00e7\u00f5es terceirizadas no setor p\u00fablico e creches dirigidas pela Empresa, e","og:url":"https:\/\/cs-jobs.com\/en\/privacy-policy\/","og:image":"https:\/\/cs-jobs.com\/wp-content\/uploads\/2023\/05\/\u30bb\u30f3\u30c8\u30e9\u30eb\u30b5\u30fc\u30d3\u30b9\u30ed\u30b4\u82f1\u8a9e\u8868\u8a18.png","og:image:secure_url":"https:\/\/cs-jobs.com\/wp-content\/uploads\/2023\/05\/\u30bb\u30f3\u30c8\u30e9\u30eb\u30b5\u30fc\u30d3\u30b9\u30ed\u30b4\u82f1\u8a9e\u8868\u8a18.png","article:published_time":"2023-05-17T00:42:42+00:00","article:modified_time":"2025-04-16T02:13:27+00:00","article:publisher":"https:\/\/www.facebook.com\/centralservices.job","twitter:card":"summary_large_image","twitter:title":"Privacy policy - Central Services Recruiting Site","twitter:description":"Pol\u00edtica de Privacidade Home \/ Privacy policy A Empresa tem plena consci\u00eancia de sua miss\u00e3o social no que diz respeito \u00e0 prote\u00e7\u00e3o de todas as informa\u00e7\u00f5es pessoais tratadas pela Empresa em suas atividades de contrata\u00e7\u00e3o tempor\u00e1ria, terceiriza\u00e7\u00e3o, coloca\u00e7\u00e3o de empregos, gerenciamento interno de sites de recrutamento, opera\u00e7\u00f5es terceirizadas no setor p\u00fablico e creches dirigidas pela Empresa, e","twitter:image":"https:\/\/cs-jobs.com\/wp-content\/uploads\/2023\/05\/\u30bb\u30f3\u30c8\u30e9\u30eb\u30b5\u30fc\u30d3\u30b9\u30ed\u30b4\u82f1\u8a9e\u8868\u8a18.png"},"aioseo_meta_data":{"post_id":"685","title":null,"description":null,"keywords":null,"keyphrases":null,"primary_term":null,"canonical_url":null,"og_title":null,"og_description":null,"og_object_type":"default","og_image_type":"default","og_image_url":null,"og_image_width":null,"og_image_height":null,"og_image_custom_url":null,"og_image_custom_fields":null,"og_video":null,"og_custom_url":null,"og_article_section":null,"og_article_tags":null,"twitter_use_og":false,"twitter_card":"default","twitter_image_type":"default","twitter_image_url":null,"twitter_image_custom_url":null,"twitter_image_custom_fields":null,"twitter_title":null,"twitter_description":null,"schema":{"blockGraphs":[],"customGraphs":[],"default":{"data":{"Article":[],"Course":[],"Dataset":[],"FAQPage":[],"Movie":[],"Person":[],"Product":[],"ProductReview":[],"Car":[],"Recipe":[],"Service":[],"SoftwareApplication":[],"WebPage":[]},"graphName":"","isEnabled":true},"graphs":[]},"schema_type":"default","schema_type_options":null,"pillar_content":false,"robots_default":true,"robots_noindex":false,"robots_noarchive":false,"robots_nosnippet":false,"robots_nofollow":false,"robots_noimageindex":false,"robots_noodp":false,"robots_notranslate":false,"robots_max_snippet":null,"robots_max_videopreview":null,"robots_max_imagepreview":"large","priority":null,"frequency":null,"local_seo":null,"seo_analyzer_scan_date":"2025-09-12 07:51:31","breadcrumb_settings":null,"limit_modified_date":false,"reviewed_by":null,"open_ai":null,"ai":null,"created":"2025-05-02 05:13:32","updated":"2025-09-12 07:51:31"},"aioseo_breadcrumb":"<div class=\"aioseo-breadcrumbs\"><span class=\"aioseo-breadcrumb\">\n\t<a href=\"https:\/\/cs-jobs.com\/en\/\" title=\"Home\">Home<\/a>\n<\/span><span class=\"aioseo-breadcrumb-separator\">&raquo;<\/span><span class=\"aioseo-breadcrumb\">\n\tPrivacy policy\n<\/span><\/div>","aioseo_breadcrumb_json":[{"label":"Home","link":"https:\/\/cs-jobs.com\/en\/"},{"label":"Privacy policy","link":"https:\/\/cs-jobs.com\/en\/privacy-policy\/"}],"_links":{"self":[{"href":"https:\/\/cs-jobs.com\/en\/wp-json\/wp\/v2\/pages\/685","targetHints":{"allow":["GET"]}}],"collection":[{"href":"https:\/\/cs-jobs.com\/en\/wp-json\/wp\/v2\/pages"}],"about":[{"href":"https:\/\/cs-jobs.com\/en\/wp-json\/wp\/v2\/types\/page"}],"author":[{"embeddable":true,"href":"https:\/\/cs-jobs.com\/en\/wp-json\/wp\/v2\/users\/1"}],"replies":[{"embeddable":true,"href":"https:\/\/cs-jobs.com\/en\/wp-json\/wp\/v2\/comments?post=685"}],"version-history":[{"count":0,"href":"https:\/\/cs-jobs.com\/en\/wp-json\/wp\/v2\/pages\/685\/revisions"}],"wp:attachment":[{"href":"https:\/\/cs-jobs.com\/en\/wp-json\/wp\/v2\/media?parent=685"}],"curies":[{"name":"wp","href":"https:\/\/api.w.org\/{rel}","templated":true}]}}